{"id":128,"date":"2025-02-27T00:59:33","date_gmt":"2025-02-26T23:59:33","guid":{"rendered":"https:\/\/extinguishbraun.7szkola.pl\/?page_id=128"},"modified":"2025-03-20T11:14:18","modified_gmt":"2025-03-20T10:14:18","slug":"wszystkie-modele-gasnic","status":"publish","type":"page","link":"https:\/\/extinguishbraun.7szkola.pl\/index.php\/wszystkie-modele-gasnic\/","title":{"rendered":"Wszystkie modele ga\u015bnic"},"content":{"rendered":"<div class=\"wp-block-image is-style-rounded\">\n<figure class=\"aligncenter size-full is-resized\"><img loading=\"lazy\" decoding=\"async\" width=\"800\" height=\"800\" src=\"https:\/\/extinguishbraun.7szkola.pl\/wp-content\/uploads\/2025\/02\/Untitled-1_0002_LITH-EX-6-liter.jpg\" alt=\"\" class=\"wp-image-130\" style=\"width:450px;height:auto\" srcset=\"https:\/\/extinguishbraun.7szkola.pl\/wp-content\/uploads\/2025\/02\/Untitled-1_0002_LITH-EX-6-liter.jpg 800w, https:\/\/extinguishbraun.7szkola.pl\/wp-content\/uploads\/2025\/02\/Untitled-1_0002_LITH-EX-6-liter-300x300.jpg 300w, https:\/\/extinguishbraun.7szkola.pl\/wp-content\/uploads\/2025\/02\/Untitled-1_0002_LITH-EX-6-liter-150x150.jpg 150w, https:\/\/extinguishbraun.7szkola.pl\/wp-content\/uploads\/2025\/02\/Untitled-1_0002_LITH-EX-6-liter-768x768.jpg 768w\" sizes=\"auto, (max-width: 800px) 100vw, 800px\" \/><\/figure>\n<\/div>\n\n\n<p class=\"has-text-align-center\"><strong>Ga\u015bnica Sejmowa<\/strong> \u2013 Idealna do gaszenia napi\u0119tej atmosfery na sali obrad. Szczeg\u00f3lnie polecana dla pos\u0142\u00f3w i stra\u017cy marsza\u0142kowskiej. Dzia\u0142a r\u00f3wnie dobrze na prawdziwe po\u017cary, jak i te polityczne.<\/p>\n\n\n\n<div class=\"wp-block-buttons is-content-justification-center is-layout-flex wp-container-core-buttons-is-layout-16018d1d wp-block-buttons-is-layout-flex\">\n<div class=\"wp-block-button\"><a class=\"wp-block-button__link has-text-align-center wp-element-button\">Zam\u00f3w<\/a><\/div>\n<\/div>\n\n\n\n<hr class=\"wp-block-separator has-alpha-channel-opacity is-style-wide\"\/>\n\n\n<div class=\"wp-block-image is-style-rounded\">\n<figure class=\"aligncenter size-full\"><img loading=\"lazy\" decoding=\"async\" width=\"600\" height=\"600\" src=\"https:\/\/extinguishbraun.7szkola.pl\/wp-content\/uploads\/2025\/02\/14969492a06712033a9764762b28ed05.jpg\" alt=\"\" class=\"wp-image-131\" srcset=\"https:\/\/extinguishbraun.7szkola.pl\/wp-content\/uploads\/2025\/02\/14969492a06712033a9764762b28ed05.jpg 600w, https:\/\/extinguishbraun.7szkola.pl\/wp-content\/uploads\/2025\/02\/14969492a06712033a9764762b28ed05-300x300.jpg 300w, https:\/\/extinguishbraun.7szkola.pl\/wp-content\/uploads\/2025\/02\/14969492a06712033a9764762b28ed05-150x150.jpg 150w\" sizes=\"auto, (max-width: 600px) 100vw, 600px\" \/><\/figure>\n<\/div>\n\n\n<p><strong>Ga\u015bnica Patriotyczna<\/strong> \u2013 Doskona\u0142a do gaszenia p\u0142omienia walki o suwerenno\u015b\u0107. Niezawodna w domach, biurach oraz na wszelkiego rodzaju marszach i demonstracjach.<\/p>\n\n\n\n<div class=\"wp-block-buttons is-content-justification-center is-layout-flex wp-container-core-buttons-is-layout-16018d1d wp-block-buttons-is-layout-flex\">\n<div class=\"wp-block-button\"><a class=\"wp-block-button__link wp-element-button\">Zam\u00f3w<\/a><\/div>\n<\/div>\n\n\n\n<hr class=\"wp-block-separator has-alpha-channel-opacity is-style-wide\"\/>\n\n\n<div class=\"wp-block-image is-style-rounded\">\n<figure class=\"aligncenter size-full is-resized\"><img loading=\"lazy\" decoding=\"async\" width=\"600\" height=\"600\" src=\"https:\/\/extinguishbraun.7szkola.pl\/wp-content\/uploads\/2025\/02\/a04f37c1e141ff7979dec53fb5e8c792.jpg\" alt=\"\" class=\"wp-image-132\" style=\"width:468px;height:auto\" srcset=\"https:\/\/extinguishbraun.7szkola.pl\/wp-content\/uploads\/2025\/02\/a04f37c1e141ff7979dec53fb5e8c792.jpg 600w, https:\/\/extinguishbraun.7szkola.pl\/wp-content\/uploads\/2025\/02\/a04f37c1e141ff7979dec53fb5e8c792-300x300.jpg 300w, https:\/\/extinguishbraun.7szkola.pl\/wp-content\/uploads\/2025\/02\/a04f37c1e141ff7979dec53fb5e8c792-150x150.jpg 150w\" sizes=\"auto, (max-width: 600px) 100vw, 600px\" \/><\/figure>\n<\/div>\n\n\n<p><strong>Ga\u015bnica Totalitarna<\/strong> \u2013 Stworzona z my\u015bl\u0105 o dusznych urz\u0119dach i instytucjach pa\u0144stwowych, gdzie biurokracja potrafi rozpali\u0107 cz\u0142owieka do czerwono\u015bci. Skutecznie neutralizuje zagro\u017cenie w ka\u017cdej przestrzeni publicznej.<\/p>\n\n\n\n<div class=\"wp-block-buttons is-content-justification-center is-layout-flex wp-container-core-buttons-is-layout-16018d1d wp-block-buttons-is-layout-flex\">\n<div class=\"wp-block-button\"><a class=\"wp-block-button__link wp-element-button\">Zam\u00f3w<\/a><\/div>\n<\/div>\n\n\n\n<hr class=\"wp-block-separator has-alpha-channel-opacity is-style-wide\"\/>\n\n\n<div class=\"wp-block-image is-style-rounded\">\n<figure class=\"aligncenter size-full is-resized\"><img loading=\"lazy\" decoding=\"async\" width=\"351\" height=\"600\" src=\"https:\/\/extinguishbraun.7szkola.pl\/wp-content\/uploads\/2025\/02\/DMEU_Y399838901_std.lang_.all_.jpg\" alt=\"\" class=\"wp-image-133\" style=\"width:364px;height:auto\" srcset=\"https:\/\/extinguishbraun.7szkola.pl\/wp-content\/uploads\/2025\/02\/DMEU_Y399838901_std.lang_.all_.jpg 351w, https:\/\/extinguishbraun.7szkola.pl\/wp-content\/uploads\/2025\/02\/DMEU_Y399838901_std.lang_.all_-176x300.jpg 176w\" sizes=\"auto, (max-width: 351px) 100vw, 351px\" \/><\/figure>\n<\/div>\n\n\n<p><strong>Ga\u015bnica Uniwersalna<\/strong> \u2013 Wszechstronny model na ka\u017cd\u0105 okazj\u0119 \u2013 od gaszenia po\u017car\u00f3w w domu, a\u017c po awaryjne przerwanie gor\u0105cych dyskusji przy \u015bwi\u0105tecznym stole.<\/p>\n\n\n\n<div class=\"wp-block-buttons is-content-justification-center is-layout-flex wp-container-core-buttons-is-layout-16018d1d wp-block-buttons-is-layout-flex\">\n<div class=\"wp-block-button\"><a class=\"wp-block-button__link wp-element-button\">Zam\u00f3w<\/a><\/div>\n<\/div>\n\n\n\n<hr class=\"wp-block-separator has-alpha-channel-opacity is-style-wide\"\/>\n\n\n<div class=\"wp-block-image is-style-rounded\">\n<figure class=\"aligncenter size-full is-resized\"><img loading=\"lazy\" decoding=\"async\" width=\"800\" height=\"800\" src=\"https:\/\/extinguishbraun.7szkola.pl\/wp-content\/uploads\/2025\/02\/Untitled-1_0002_LITH-EX-6-liter-1.jpg\" alt=\"\" class=\"wp-image-134\" style=\"width:413px;height:auto\" srcset=\"https:\/\/extinguishbraun.7szkola.pl\/wp-content\/uploads\/2025\/02\/Untitled-1_0002_LITH-EX-6-liter-1.jpg 800w, https:\/\/extinguishbraun.7szkola.pl\/wp-content\/uploads\/2025\/02\/Untitled-1_0002_LITH-EX-6-liter-1-300x300.jpg 300w, https:\/\/extinguishbraun.7szkola.pl\/wp-content\/uploads\/2025\/02\/Untitled-1_0002_LITH-EX-6-liter-1-150x150.jpg 150w, https:\/\/extinguishbraun.7szkola.pl\/wp-content\/uploads\/2025\/02\/Untitled-1_0002_LITH-EX-6-liter-1-768x768.jpg 768w\" sizes=\"auto, (max-width: 800px) 100vw, 800px\" \/><\/figure>\n<\/div>\n\n\n<p><strong>Ga\u015bnica Wolno\u015bciowa<\/strong> \u2013 Doskona\u0142a do biur, mieszka\u0144 i serwerowni. Gasi ogie\u0144, ale nie ducha wolno\u015bci \u2013 w przeciwie\u0144stwie do pewnych rz\u0105dowych rozporz\u0105dze\u0144.<\/p>\n\n\n\n<div class=\"wp-block-buttons is-content-justification-center is-layout-flex wp-container-core-buttons-is-layout-16018d1d wp-block-buttons-is-layout-flex\">\n<div class=\"wp-block-button\"><a class=\"wp-block-button__link wp-element-button\">Zam\u00f3w<\/a><\/div>\n<\/div>\n\n\n\n<hr class=\"wp-block-separator has-alpha-channel-opacity is-style-wide\"\/>\n\n\n<div class=\"wp-block-image is-style-rounded\">\n<figure class=\"aligncenter size-full is-resized\"><img loading=\"lazy\" decoding=\"async\" width=\"699\" height=\"792\" src=\"https:\/\/extinguishbraun.7szkola.pl\/wp-content\/uploads\/2025\/02\/Projekt-bez-nazwy-6.png\" alt=\"\" class=\"wp-image-135\" style=\"width:444px;height:auto\" srcset=\"https:\/\/extinguishbraun.7szkola.pl\/wp-content\/uploads\/2025\/02\/Projekt-bez-nazwy-6.png 699w, https:\/\/extinguishbraun.7szkola.pl\/wp-content\/uploads\/2025\/02\/Projekt-bez-nazwy-6-265x300.png 265w\" sizes=\"auto, (max-width: 699px) 100vw, 699px\" \/><\/figure>\n<\/div>\n\n\n<p><strong>Ga\u015bnica Anarchisty<\/strong> \u2013 Praktyczna i niezawodna, sprawdza si\u0119 zar\u00f3wno w chaosie domowym, jak i na nieformalnych zgromadzeniach. Dzia\u0142a \u015bwietnie na p\u0142omienie, gor\u0105ce has\u0142a i spalony bigos.<\/p>\n\n\n\n<div class=\"wp-block-buttons is-content-justification-center is-layout-flex wp-container-core-buttons-is-layout-16018d1d wp-block-buttons-is-layout-flex\">\n<div class=\"wp-block-button\"><a class=\"wp-block-button__link wp-element-button\">Zam\u00f3w<\/a><\/div>\n<\/div>\n\n\n\n<hr class=\"wp-block-separator has-alpha-channel-opacity is-style-wide\"\/>\n\n\n<div class=\"wp-block-image is-style-rounded\">\n<figure class=\"aligncenter size-full is-resized\"><img loading=\"lazy\" decoding=\"async\" width=\"900\" height=\"907\" src=\"http:\/\/extinguishbraun.7szkola.pl\/wp-content\/uploads\/2025\/02\/YCC0007.webp\" alt=\"\" class=\"wp-image-33\" style=\"width:416px;height:auto\" srcset=\"https:\/\/extinguishbraun.7szkola.pl\/wp-content\/uploads\/2025\/02\/YCC0007.webp 900w, https:\/\/extinguishbraun.7szkola.pl\/wp-content\/uploads\/2025\/02\/YCC0007-298x300.webp 298w, https:\/\/extinguishbraun.7szkola.pl\/wp-content\/uploads\/2025\/02\/YCC0007-150x150.webp 150w, https:\/\/extinguishbraun.7szkola.pl\/wp-content\/uploads\/2025\/02\/YCC0007-768x774.webp 768w\" sizes=\"auto, (max-width: 900px) 100vw, 900px\" \/><\/figure>\n<\/div>\n\n\n<p><strong>Ga\u015bnica Selektywna<\/strong> \u2013 Sprawdzona w gaszeniu nie tylko tradycyjnych po\u017car\u00f3w, ale tak\u017ce zbyt rozgrzanych dyskusji politycznych. Polecana na wiece, wieczory wyborcze i rodzinne spotkania.<\/p>\n\n\n\n<div class=\"wp-block-buttons is-content-justification-center is-layout-flex wp-container-core-buttons-is-layout-16018d1d wp-block-buttons-is-layout-flex\">\n<div class=\"wp-block-button\"><a class=\"wp-block-button__link wp-element-button\">Zam\u00f3w<\/a><\/div>\n<\/div>\n\n\n\n<hr class=\"wp-block-separator has-alpha-channel-opacity is-style-wide\"\/>\n\n\n<div class=\"wp-block-image is-style-rounded\">\n<figure class=\"aligncenter size-full is-resized\"><img loading=\"lazy\" decoding=\"async\" width=\"900\" height=\"900\" src=\"http:\/\/extinguishbraun.7szkola.pl\/wp-content\/uploads\/2025\/02\/PRO10-First-Alert-Rechargeable-Commercial-Fire-Extinguisher-UL-rated-4-A-60-B-C-Red.jpg\" alt=\"\" class=\"wp-image-32\" style=\"width:427px;height:auto\" srcset=\"https:\/\/extinguishbraun.7szkola.pl\/wp-content\/uploads\/2025\/02\/PRO10-First-Alert-Rechargeable-Commercial-Fire-Extinguisher-UL-rated-4-A-60-B-C-Red.jpg 900w, https:\/\/extinguishbraun.7szkola.pl\/wp-content\/uploads\/2025\/02\/PRO10-First-Alert-Rechargeable-Commercial-Fire-Extinguisher-UL-rated-4-A-60-B-C-Red-300x300.jpg 300w, https:\/\/extinguishbraun.7szkola.pl\/wp-content\/uploads\/2025\/02\/PRO10-First-Alert-Rechargeable-Commercial-Fire-Extinguisher-UL-rated-4-A-60-B-C-Red-150x150.jpg 150w, https:\/\/extinguishbraun.7szkola.pl\/wp-content\/uploads\/2025\/02\/PRO10-First-Alert-Rechargeable-Commercial-Fire-Extinguisher-UL-rated-4-A-60-B-C-Red-768x768.jpg 768w\" sizes=\"auto, (max-width: 900px) 100vw, 900px\" \/><\/figure>\n<\/div>\n\n\n<p><strong>Ga\u015bnica Marsza\u0142kowska<\/strong> \u2013 Obowi\u0105zkowe wyposa\u017cenie ka\u017cdej instytucji pa\u0144stwowej, ale te\u017c autobus\u00f3w i tramwaj\u00f3w. Przydatna w przypadku samozap\u0142onu politycznych obietnic.<\/p>\n\n\n\n<div class=\"wp-block-buttons is-content-justification-center is-layout-flex wp-container-core-buttons-is-layout-16018d1d wp-block-buttons-is-layout-flex\">\n<div class=\"wp-block-button\"><a class=\"wp-block-button__link wp-element-button\">Zam\u00f3w<\/a><\/div>\n<\/div>\n\n\n\n<hr class=\"wp-block-separator has-alpha-channel-opacity is-style-wide\"\/>\n\n\n<div class=\"wp-block-image is-style-rounded\">\n<figure class=\"aligncenter size-large is-resized\"><img loading=\"lazy\" decoding=\"async\" width=\"1024\" height=\"1024\" src=\"http:\/\/extinguishbraun.7szkola.pl\/wp-content\/uploads\/2025\/02\/FE0290-\u2219-9Kg-Dry-Powder-Fire-Extinguisher-1024x1024.png\" alt=\"\" class=\"wp-image-30\" style=\"width:440px;height:auto\" srcset=\"https:\/\/extinguishbraun.7szkola.pl\/wp-content\/uploads\/2025\/02\/FE0290-\u2219-9Kg-Dry-Powder-Fire-Extinguisher-1024x1024.png 1024w, https:\/\/extinguishbraun.7szkola.pl\/wp-content\/uploads\/2025\/02\/FE0290-\u2219-9Kg-Dry-Powder-Fire-Extinguisher-300x300.png 300w, https:\/\/extinguishbraun.7szkola.pl\/wp-content\/uploads\/2025\/02\/FE0290-\u2219-9Kg-Dry-Powder-Fire-Extinguisher-150x150.png 150w, https:\/\/extinguishbraun.7szkola.pl\/wp-content\/uploads\/2025\/02\/FE0290-\u2219-9Kg-Dry-Powder-Fire-Extinguisher-768x768.png 768w, https:\/\/extinguishbraun.7szkola.pl\/wp-content\/uploads\/2025\/02\/FE0290-\u2219-9Kg-Dry-Powder-Fire-Extinguisher.png 1200w\" sizes=\"auto, (max-width: 1024px) 100vw, 1024px\" \/><\/figure>\n<\/div>\n\n\n<p><strong>Ga\u015bnica Medialna<\/strong> \u2013 Polecana dla dziennikarzy i operator\u00f3w kamer. \u015awietnie sprawdza si\u0119 w studiach telewizyjnych i przy kr\u0119ceniu gor\u0105cych reporta\u017cy. Pomaga w szybkim wych\u0142odzeniu atmosfery, gdy temat zaczyna by\u0107 zbyt pal\u0105cy.<\/p>\n\n\n\n<div class=\"wp-block-buttons is-content-justification-center is-layout-flex wp-container-core-buttons-is-layout-16018d1d wp-block-buttons-is-layout-flex\">\n<div class=\"wp-block-button\"><a class=\"wp-block-button__link wp-element-button\">Zam\u00f3w<\/a><\/div>\n<\/div>\n","protected":false},"excerpt":{"rendered":"<p>Ga\u015bnica Sejmowa \u2013 Idealna do gaszenia napi\u0119tej atmosfery na sali obrad. Szczeg\u00f3lnie polecana dla pos\u0142\u00f3w i stra\u017cy marsza\u0142kowskiej. Dzia\u0142a r\u00f3wnie dobrze na prawdziwe po\u017cary, jak i te polityczne. Ga\u015bnica Patriotyczna \u2013 Doskona\u0142a do gaszenia p\u0142omienia walki o suwerenno\u015b\u0107. Niezawodna w domach, biurach oraz na wszelkiego rodzaju marszach i demonstracjach. Ga\u015bnica Totalitarna \u2013 Stworzona z my\u015bl\u0105<\/p>\n<div class=\"more-link\">\n\t\t\t\t <a href=\"https:\/\/extinguishbraun.7szkola.pl\/index.php\/wszystkie-modele-gasnic\/\" class=\"link-btn\"><span>Czytaj dalej <\/span> <i class=\"icofont-thin-double-right\"><\/i><\/a>\n\t\t\t<\/div>\n","protected":false},"author":1,"featured_media":0,"parent":0,"menu_order":0,"comment_status":"closed","ping_status":"closed","template":"","meta":{"footnotes":""},"class_list":["post-128","page","type-page","status-publish","hentry"],"_links":{"self":[{"href":"https:\/\/extinguishbraun.7szkola.pl\/index.php\/wp-json\/wp\/v2\/pages\/128","targetHints":{"allow":["GET"]}}],"collection":[{"href":"https:\/\/extinguishbraun.7szkola.pl\/index.php\/wp-json\/wp\/v2\/pages"}],"about":[{"href":"https:\/\/extinguishbraun.7szkola.pl\/index.php\/wp-json\/wp\/v2\/types\/page"}],"author":[{"embeddable":true,"href":"https:\/\/extinguishbraun.7szkola.pl\/index.php\/wp-json\/wp\/v2\/users\/1"}],"replies":[{"embeddable":true,"href":"https:\/\/extinguishbraun.7szkola.pl\/index.php\/wp-json\/wp\/v2\/comments?post=128"}],"version-history":[{"count":11,"href":"https:\/\/extinguishbraun.7szkola.pl\/index.php\/wp-json\/wp\/v2\/pages\/128\/revisions"}],"predecessor-version":[{"id":286,"href":"https:\/\/extinguishbraun.7szkola.pl\/index.php\/wp-json\/wp\/v2\/pages\/128\/revisions\/286"}],"wp:attachment":[{"href":"https:\/\/extinguishbraun.7szkola.pl\/index.php\/wp-json\/wp\/v2\/media?parent=128"}],"curies":[{"name":"wp","href":"https:\/\/api.w.org\/{rel}","templated":true}]}}