{"id":333,"date":"2025-04-02T23:57:05","date_gmt":"2025-04-02T22:57:05","guid":{"rendered":"https:\/\/extinguishbraun.7szkola.pl\/?page_id=333"},"modified":"2025-04-02T23:57:05","modified_gmt":"2025-04-02T22:57:05","slug":"recenzje","status":"publish","type":"page","link":"https:\/\/extinguishbraun.7szkola.pl\/index.php\/recenzje\/","title":{"rendered":"-Recenzje-"},"content":{"rendered":"\n<figure class=\"wp-block-gallery has-nested-images columns-default is-cropped wp-block-gallery-1 is-layout-flex wp-block-gallery-is-layout-flex\">\n<figure class=\"wp-block-image size-large\"><img loading=\"lazy\" decoding=\"async\" width=\"1024\" height=\"768\" data-id=\"108\" src=\"https:\/\/extinguishbraun.7szkola.pl\/wp-content\/uploads\/2025\/02\/bfd7c4b7-40b6-4eaf-b4cc-317869b4ffb9-3-1024x768.jpg\" alt=\"\" class=\"wp-image-108\" srcset=\"https:\/\/extinguishbraun.7szkola.pl\/wp-content\/uploads\/2025\/02\/bfd7c4b7-40b6-4eaf-b4cc-317869b4ffb9-3-1024x768.jpg 1024w, https:\/\/extinguishbraun.7szkola.pl\/wp-content\/uploads\/2025\/02\/bfd7c4b7-40b6-4eaf-b4cc-317869b4ffb9-3-300x225.jpg 300w, https:\/\/extinguishbraun.7szkola.pl\/wp-content\/uploads\/2025\/02\/bfd7c4b7-40b6-4eaf-b4cc-317869b4ffb9-3-768x576.jpg 768w, https:\/\/extinguishbraun.7szkola.pl\/wp-content\/uploads\/2025\/02\/bfd7c4b7-40b6-4eaf-b4cc-317869b4ffb9-3-1536x1152.jpg 1536w, https:\/\/extinguishbraun.7szkola.pl\/wp-content\/uploads\/2025\/02\/bfd7c4b7-40b6-4eaf-b4cc-317869b4ffb9-3.jpg 2048w\" sizes=\"auto, (max-width: 1024px) 100vw, 1024px\" \/><figcaption class=\"wp-element-caption\">&#x2b50;&#x2b50;&#x2b50;&#x2b50;&#x2b50;<br>&#8222;Kupienie ga\u015bnicy firmy Extinguishbraun pozwoli\u0142o na spe\u0142nienie ma\u017cenia poznania pana Grzegorza!&#8221;<\/figcaption><\/figure>\n\n\n\n<figure class=\"wp-block-image size-large\"><img loading=\"lazy\" decoding=\"async\" width=\"768\" height=\"1024\" data-id=\"124\" src=\"https:\/\/extinguishbraun.7szkola.pl\/wp-content\/uploads\/2025\/02\/f002cb82-415d-4216-ac2c-2fc88b8b3d55-3-768x1024.jpg\" alt=\"\" class=\"wp-image-124\" srcset=\"https:\/\/extinguishbraun.7szkola.pl\/wp-content\/uploads\/2025\/02\/f002cb82-415d-4216-ac2c-2fc88b8b3d55-3-768x1024.jpg 768w, https:\/\/extinguishbraun.7szkola.pl\/wp-content\/uploads\/2025\/02\/f002cb82-415d-4216-ac2c-2fc88b8b3d55-3-225x300.jpg 225w, https:\/\/extinguishbraun.7szkola.pl\/wp-content\/uploads\/2025\/02\/f002cb82-415d-4216-ac2c-2fc88b8b3d55-3-1152x1536.jpg 1152w, https:\/\/extinguishbraun.7szkola.pl\/wp-content\/uploads\/2025\/02\/f002cb82-415d-4216-ac2c-2fc88b8b3d55-3.jpg 1536w\" sizes=\"auto, (max-width: 768px) 100vw, 768px\" \/><figcaption class=\"wp-element-caption\">&#x2b50;&#x2b50;&#x2b50;&#x2b50;&#x2b50;<br>&#8222;Ga\u015bnica przysz\u0142a podpisana przez samego Pana Grzegorza! Moje \u017cycie sta\u0142o si\u0119 spe\u0142nione!&#8221;<\/figcaption><\/figure>\n\n\n\n<figure class=\"wp-block-image size-large\"><img loading=\"lazy\" decoding=\"async\" width=\"768\" height=\"1024\" data-id=\"105\" src=\"https:\/\/extinguishbraun.7szkola.pl\/wp-content\/uploads\/2025\/02\/943dfdfa-80f8-44d1-a0e3-f21782cc3bd9-3-768x1024.jpg\" alt=\"\" class=\"wp-image-105\" srcset=\"https:\/\/extinguishbraun.7szkola.pl\/wp-content\/uploads\/2025\/02\/943dfdfa-80f8-44d1-a0e3-f21782cc3bd9-3-768x1024.jpg 768w, https:\/\/extinguishbraun.7szkola.pl\/wp-content\/uploads\/2025\/02\/943dfdfa-80f8-44d1-a0e3-f21782cc3bd9-3-225x300.jpg 225w, https:\/\/extinguishbraun.7szkola.pl\/wp-content\/uploads\/2025\/02\/943dfdfa-80f8-44d1-a0e3-f21782cc3bd9-3-1152x1536.jpg 1152w, https:\/\/extinguishbraun.7szkola.pl\/wp-content\/uploads\/2025\/02\/943dfdfa-80f8-44d1-a0e3-f21782cc3bd9-3.jpg 1536w\" sizes=\"auto, (max-width: 768px) 100vw, 768px\" \/><figcaption class=\"wp-element-caption\">&#x2b50;&#x2b50;&#x2b50;&#x2b50;&#x2b50;<br>&#8222;Ga\u015bnica przysz\u0142a w \u015bwietnym stanie! Obs\u0142uga by\u0142a bardzo pomocna! Teraz wiem dok\u0142adnie kt\u00f3ry model zabra\u0107 do Sejmu!&#8221;<\/figcaption><\/figure>\n<\/figure>\n\n\n\n<p><\/p>\n","protected":false},"excerpt":{"rendered":"","protected":false},"author":1,"featured_media":0,"parent":0,"menu_order":0,"comment_status":"closed","ping_status":"closed","template":"","meta":{"footnotes":""},"class_list":["post-333","page","type-page","status-publish","hentry"],"_links":{"self":[{"href":"https:\/\/extinguishbraun.7szkola.pl\/index.php\/wp-json\/wp\/v2\/pages\/333","targetHints":{"allow":["GET"]}}],"collection":[{"href":"https:\/\/extinguishbraun.7szkola.pl\/index.php\/wp-json\/wp\/v2\/pages"}],"about":[{"href":"https:\/\/extinguishbraun.7szkola.pl\/index.php\/wp-json\/wp\/v2\/types\/page"}],"author":[{"embeddable":true,"href":"https:\/\/extinguishbraun.7szkola.pl\/index.php\/wp-json\/wp\/v2\/users\/1"}],"replies":[{"embeddable":true,"href":"https:\/\/extinguishbraun.7szkola.pl\/index.php\/wp-json\/wp\/v2\/comments?post=333"}],"version-history":[{"count":2,"href":"https:\/\/extinguishbraun.7szkola.pl\/index.php\/wp-json\/wp\/v2\/pages\/333\/revisions"}],"predecessor-version":[{"id":336,"href":"https:\/\/extinguishbraun.7szkola.pl\/index.php\/wp-json\/wp\/v2\/pages\/333\/revisions\/336"}],"wp:attachment":[{"href":"https:\/\/extinguishbraun.7szkola.pl\/index.php\/wp-json\/wp\/v2\/media?parent=333"}],"curies":[{"name":"wp","href":"https:\/\/api.w.org\/{rel}","templated":true}]}}