{"id":97,"date":"2025-02-27T00:41:47","date_gmt":"2025-02-26T23:41:47","guid":{"rendered":"https:\/\/extinguishbraun.7szkola.pl\/?page_id=97"},"modified":"2025-03-20T11:49:39","modified_gmt":"2025-03-20T10:49:39","slug":"instrukcje-obslugi","status":"publish","type":"page","link":"https:\/\/extinguishbraun.7szkola.pl\/index.php\/instrukcje-obslugi\/","title":{"rendered":"Instrukcje obs\u0142ugi"},"content":{"rendered":"\n<h3 class=\"wp-block-heading has-text-align-center\"><strong>Instrukcja obs\u0142ugi ga\u015bnicy wed\u0142ug Grzegorza Brauna<\/strong> <\/h3>\n\n\n\n<p class=\"has-text-align-center\"><strong>\u201ePa\u0144stwo p\u0142onie! Ja gasz\u0119!\u201d<\/strong> \u2013 oto oficjalny poradnik obs\u0142ugi ga\u015bnicy od lidera w bran\u017cy przeciwpo\u017carowej, Grzegorza Brauna, za\u0142o\u017cyciela Extinguishbraun.<\/p>\n\n\n\n<hr class=\"wp-block-separator has-alpha-channel-opacity\"\/>\n\n\n\n<h3 class=\"wp-block-heading has-text-align-center\"><strong>Krok 1: Rozpoznanie zagro\u017cenia<\/strong><\/h3>\n\n\n\n<div class=\"wp-block-media-text has-media-on-the-right is-stacked-on-mobile\"><div class=\"wp-block-media-text__content\">\n<p class=\"has-text-align-left\">Najpierw musisz zdiagnozowa\u0107 sytuacj\u0119. Ogie\u0144 to nie jedyne niebezpiecze\u0144stwo \u2013 zagro\u017ceniem mo\u017ce by\u0107 r\u00f3wnie\u017c:<br> <br> &#8211;<strong>Totalitaryzm sanitarny<\/strong> \u2013 je\u015bli widzisz maseczk\u0119, przyjmij postaw\u0119 bojow\u0105.<br> &#8211;<strong>Dziennikarz TVN<\/strong> \u2013 mo\u017ce nie p\u0142onie, ale na pewno si\u0119 pali.<br> &#8211;<strong>Sala Sejmowa<\/strong> \u2013 je\u015bli tam jeste\u015b, to ju\u017c wiesz, co robi\u0107.<\/p>\n<\/div><figure class=\"wp-block-media-text__media\"><img loading=\"lazy\" decoding=\"async\" width=\"1002\" height=\"436\" src=\"https:\/\/extinguishbraun.7szkola.pl\/wp-content\/uploads\/2025\/03\/R.jpg\" alt=\"\" class=\"wp-image-269 size-full\" srcset=\"https:\/\/extinguishbraun.7szkola.pl\/wp-content\/uploads\/2025\/03\/R.jpg 1002w, https:\/\/extinguishbraun.7szkola.pl\/wp-content\/uploads\/2025\/03\/R-300x131.jpg 300w, https:\/\/extinguishbraun.7szkola.pl\/wp-content\/uploads\/2025\/03\/R-768x334.jpg 768w\" sizes=\"auto, (max-width: 1002px) 100vw, 1002px\" \/><\/figure><\/div>\n\n\n\n<p><\/p>\n\n\n\n<hr class=\"wp-block-separator has-alpha-channel-opacity\"\/>\n\n\n\n<h3 class=\"wp-block-heading has-text-align-center\"><strong>Krok 2: Chwyt i postawa bojowa<\/strong><\/h3>\n\n\n\n<div class=\"wp-block-media-text is-stacked-on-mobile\" style=\"grid-template-columns:49% auto\"><figure class=\"wp-block-media-text__media\"><img loading=\"lazy\" decoding=\"async\" width=\"1024\" height=\"576\" src=\"https:\/\/extinguishbraun.7szkola.pl\/wp-content\/uploads\/2025\/03\/R-1-1-1024x576.jpg\" alt=\"\" class=\"wp-image-273 size-full\" srcset=\"https:\/\/extinguishbraun.7szkola.pl\/wp-content\/uploads\/2025\/03\/R-1-1-1024x576.jpg 1024w, https:\/\/extinguishbraun.7szkola.pl\/wp-content\/uploads\/2025\/03\/R-1-1-300x169.jpg 300w, https:\/\/extinguishbraun.7szkola.pl\/wp-content\/uploads\/2025\/03\/R-1-1-768x432.jpg 768w, https:\/\/extinguishbraun.7szkola.pl\/wp-content\/uploads\/2025\/03\/R-1-1.jpg 1280w\" sizes=\"auto, (max-width: 1024px) 100vw, 1024px\" \/><\/figure><div class=\"wp-block-media-text__content\">\n<p>-We\u017a ga\u015bnic\u0119 pewnym chwytem \u2013 tak, jak trzymasz Konstytucj\u0119, kiedy pr\u00f3bujesz ni\u0105 rzuci\u0107 w rz\u0105d.<\/p>\n\n\n\n<p>-Przyjmij <strong>postaw\u0119 wolno\u015bciow\u0105<\/strong> \u2013 szeroko rozstaw nogi, stabilnie, gotowy do ataku.<\/p>\n\n\n\n<p>-Upewnij si\u0119, \u017ce wszyscy wok\u00f3\u0142 widz\u0105, \u017ce masz <strong>prawo do obrony przez gaszenie<\/strong>.<\/p>\n<\/div><\/div>\n\n\n\n<hr class=\"wp-block-separator has-alpha-channel-opacity\"\/>\n\n\n\n<h3 class=\"wp-block-heading has-text-align-center\"><strong>Krok 3: Wyci\u0105gni\u0119cie zawleczki<\/strong><\/h3>\n\n\n\n<div class=\"wp-block-media-text has-media-on-the-right is-stacked-on-mobile\" style=\"grid-template-columns:auto 41%\"><div class=\"wp-block-media-text__content\">\n<p>-Wyrwij zawleczk\u0119 jednym, zdecydowanym ruchem \u2013 tak, jak wyrwa\u0142by\u015b Polsk\u0119 z obj\u0119\u0107 Unii Europejskiej.<\/p>\n\n\n\n<p>-Je\u015bli masz problem, przypomnij sobie, \u017ce ta zawleczka to symbol biurokracji \u2013 <strong>NIE MO\u017bESZ JEJ ZOSTAWI\u0106!<\/strong><\/p>\n<\/div><figure class=\"wp-block-media-text__media\"><img loading=\"lazy\" decoding=\"async\" width=\"1024\" height=\"685\" src=\"https:\/\/extinguishbraun.7szkola.pl\/wp-content\/uploads\/2025\/03\/Gasnica-samochodowa-proszkowa-2kg-plastikowa-zawleczka-1-1024x685.jpg\" alt=\"\" class=\"wp-image-289 size-full\" srcset=\"https:\/\/extinguishbraun.7szkola.pl\/wp-content\/uploads\/2025\/03\/Gasnica-samochodowa-proszkowa-2kg-plastikowa-zawleczka-1-1024x685.jpg 1024w, https:\/\/extinguishbraun.7szkola.pl\/wp-content\/uploads\/2025\/03\/Gasnica-samochodowa-proszkowa-2kg-plastikowa-zawleczka-1-300x201.jpg 300w, https:\/\/extinguishbraun.7szkola.pl\/wp-content\/uploads\/2025\/03\/Gasnica-samochodowa-proszkowa-2kg-plastikowa-zawleczka-1-768x514.jpg 768w, https:\/\/extinguishbraun.7szkola.pl\/wp-content\/uploads\/2025\/03\/Gasnica-samochodowa-proszkowa-2kg-plastikowa-zawleczka-1.jpg 1200w\" sizes=\"auto, (max-width: 1024px) 100vw, 1024px\" \/><\/figure><\/div>\n\n\n\n<hr class=\"wp-block-separator has-alpha-channel-opacity\"\/>\n\n\n\n<h3 class=\"wp-block-heading has-text-align-center\"><strong>Krok 4: Celowanie<\/strong><\/h3>\n\n\n\n<div class=\"wp-block-media-text is-stacked-on-mobile\"><figure class=\"wp-block-media-text__media\"><img loading=\"lazy\" decoding=\"async\" width=\"1024\" height=\"685\" src=\"https:\/\/extinguishbraun.7szkola.pl\/wp-content\/uploads\/2025\/03\/R-2-1024x685.jpg\" alt=\"\" class=\"wp-image-299 size-full\" srcset=\"https:\/\/extinguishbraun.7szkola.pl\/wp-content\/uploads\/2025\/03\/R-2-1024x685.jpg 1024w, https:\/\/extinguishbraun.7szkola.pl\/wp-content\/uploads\/2025\/03\/R-2-300x201.jpg 300w, https:\/\/extinguishbraun.7szkola.pl\/wp-content\/uploads\/2025\/03\/R-2-768x514.jpg 768w, https:\/\/extinguishbraun.7szkola.pl\/wp-content\/uploads\/2025\/03\/R-2-1536x1028.jpg 1536w, https:\/\/extinguishbraun.7szkola.pl\/wp-content\/uploads\/2025\/03\/R-2-2048x1370.jpg 2048w\" sizes=\"auto, (max-width: 1024px) 100vw, 1024px\" \/><\/figure><div class=\"wp-block-media-text__content\">\n<p>-Kieruj w \u017ar\u00f3d\u0142o problemu \u2013 <strong>czy to ogie\u0144, czy moralna zgnilizna<\/strong>.<\/p>\n\n\n\n<p>-W razie w\u0105tpliwo\u015bci, strzelaj w Sejm \u2013 na pewno co\u015b z\u0142ego tam si\u0119 pali.<\/p>\n<\/div><\/div>\n\n\n\n<hr class=\"wp-block-separator has-alpha-channel-opacity\"\/>\n\n\n\n<h3 class=\"wp-block-heading has-text-align-center\"><strong>Krok 5: Gaszenie<\/strong><\/h3>\n\n\n\n<div class=\"wp-block-media-text has-media-on-the-right is-stacked-on-mobile\"><div class=\"wp-block-media-text__content\">\n<p>-Naci\u015bnij d\u017awigni\u0119 i <strong>uwolnij czysty, bia\u0142y strumie\u0144 prawdy<\/strong>.<\/p>\n\n\n\n<p>-Przesuwaj strumie\u0144 w lewo i w prawo \u2013 cho\u0107 wiadomo, \u017ce <strong>prawo to jedyna s\u0142uszna strona<\/strong>.<\/p>\n\n\n\n<p>-Je\u015bli zagro\u017cenie nie ust\u0119puje, podnie\u015b ga\u015bnic\u0119 nad g\u0142ow\u0119 i og\u0142o\u015b: <strong>\u201eTO JEST AKT POLITYCZNY!\u201d<\/strong><\/p>\n<\/div><figure class=\"wp-block-media-text__media\"><img loading=\"lazy\" decoding=\"async\" width=\"474\" height=\"266\" src=\"https:\/\/extinguishbraun.7szkola.pl\/wp-content\/uploads\/2025\/03\/OIP.jpg\" alt=\"\" class=\"wp-image-296 size-full\" srcset=\"https:\/\/extinguishbraun.7szkola.pl\/wp-content\/uploads\/2025\/03\/OIP.jpg 474w, https:\/\/extinguishbraun.7szkola.pl\/wp-content\/uploads\/2025\/03\/OIP-300x168.jpg 300w\" sizes=\"auto, (max-width: 474px) 100vw, 474px\" \/><\/figure><\/div>\n\n\n\n<hr class=\"wp-block-separator has-alpha-channel-opacity\"\/>\n\n\n\n<h3 class=\"wp-block-heading has-text-align-center\"><strong>Krok 6: Ewaluacja skutk\u00f3w<\/strong><\/h3>\n\n\n\n<div class=\"wp-block-media-text is-stacked-on-mobile\"><figure class=\"wp-block-media-text__media\"><img loading=\"lazy\" decoding=\"async\" width=\"1024\" height=\"577\" src=\"http:\/\/extinguishbraun.7szkola.pl\/wp-content\/uploads\/2025\/03\/iB3ktkpTURBXy83NTAyZTAxMzU1YzM1Y2VjMzljNTNjZjg2ZmVmNjhiOC5qcGeSlQMEzQEGzRCczQlZkwXNBLDNAqQ-1024x577.jpeg\" alt=\"\" class=\"wp-image-246 size-full\" srcset=\"https:\/\/extinguishbraun.7szkola.pl\/wp-content\/uploads\/2025\/03\/iB3ktkpTURBXy83NTAyZTAxMzU1YzM1Y2VjMzljNTNjZjg2ZmVmNjhiOC5qcGeSlQMEzQEGzRCczQlZkwXNBLDNAqQ-1024x577.jpeg 1024w, https:\/\/extinguishbraun.7szkola.pl\/wp-content\/uploads\/2025\/03\/iB3ktkpTURBXy83NTAyZTAxMzU1YzM1Y2VjMzljNTNjZjg2ZmVmNjhiOC5qcGeSlQMEzQEGzRCczQlZkwXNBLDNAqQ-300x169.jpeg 300w, https:\/\/extinguishbraun.7szkola.pl\/wp-content\/uploads\/2025\/03\/iB3ktkpTURBXy83NTAyZTAxMzU1YzM1Y2VjMzljNTNjZjg2ZmVmNjhiOC5qcGeSlQMEzQEGzRCczQlZkwXNBLDNAqQ-768x433.jpeg 768w, https:\/\/extinguishbraun.7szkola.pl\/wp-content\/uploads\/2025\/03\/iB3ktkpTURBXy83NTAyZTAxMzU1YzM1Y2VjMzljNTNjZjg2ZmVmNjhiOC5qcGeSlQMEzQEGzRCczQlZkwXNBLDNAqQ.jpeg 1200w\" sizes=\"auto, (max-width: 1024px) 100vw, 1024px\" \/><\/figure><div class=\"wp-block-media-text__content\">\n<p>-Je\u015bli wszyscy kaszl\u0105 i nie widz\u0105 na oczy \u2013 gratulacje, <strong>misja zako\u0144czona sukcesem!<\/strong><\/p>\n\n\n\n<p>-Je\u015bli kto\u015b m\u00f3wi, \u017ce przesadzi\u0142e\u015b \u2013 przypomnij mu, \u017ce <strong>to dla jego dobra<\/strong>.<\/p>\n\n\n\n<p>-Je\u015bli kto\u015b pr\u00f3buje ci\u0119 zatrzyma\u0107 \u2013 powiedz, \u017ce jeste\u015b stra\u017cakiem <strong>wolno\u015bci i prawdy<\/strong>.<\/p>\n\n\n\n<hr class=\"wp-block-separator has-alpha-channel-opacity\"\/>\n\n\n\n<p><\/p>\n<\/div><\/div>\n\n\n\n<hr class=\"wp-block-separator has-alpha-channel-opacity\"\/>\n\n\n\n<h3 class=\"wp-block-heading has-text-align-center\"><strong>Krok 7: Ucieczka i obrona<\/strong><\/h3>\n\n\n\n<div class=\"wp-block-media-text has-media-on-the-right is-stacked-on-mobile\" style=\"grid-template-columns:auto 42%\"><div class=\"wp-block-media-text__content\">\n<p>-Je\u015bli widzisz Stra\u017c Marsza\u0142kowsk\u0105 \u2013 <strong>wycofaj si\u0119 w stron\u0119 wyj\u015bcia<\/strong>, rzucaj\u0105c ulotki Extinguishbraun.<\/p>\n\n\n\n<p>-Je\u015bli z\u0142api\u0105 ci\u0119 media, powiedz: <strong>\u201eJa tylko gasi\u0142em ten cyrk\u201d<\/strong>.<\/p>\n\n\n\n<p>-Je\u015bli prokuratura pyta o szczeg\u00f3\u0142y \u2013 pami\u0119taj: <strong>\u201eNie pami\u0119tam, ale na pewno by\u0142o warto\u201d<\/strong>.<\/p>\n\n\n\n<hr class=\"wp-block-separator has-alpha-channel-opacity\"\/>\n\n\n\n<p><\/p>\n<\/div><figure class=\"wp-block-media-text__media\"><img loading=\"lazy\" decoding=\"async\" width=\"1024\" height=\"774\" src=\"http:\/\/extinguishbraun.7szkola.pl\/wp-content\/uploads\/2025\/03\/BLG6AN37ZJKHZC6FBZDEZZTLHE-1024x774.jpg\" alt=\"\" class=\"wp-image-247 size-full\" srcset=\"https:\/\/extinguishbraun.7szkola.pl\/wp-content\/uploads\/2025\/03\/BLG6AN37ZJKHZC6FBZDEZZTLHE-1024x774.jpg 1024w, https:\/\/extinguishbraun.7szkola.pl\/wp-content\/uploads\/2025\/03\/BLG6AN37ZJKHZC6FBZDEZZTLHE-300x227.jpg 300w, https:\/\/extinguishbraun.7szkola.pl\/wp-content\/uploads\/2025\/03\/BLG6AN37ZJKHZC6FBZDEZZTLHE-768x581.jpg 768w, https:\/\/extinguishbraun.7szkola.pl\/wp-content\/uploads\/2025\/03\/BLG6AN37ZJKHZC6FBZDEZZTLHE-1536x1161.jpg 1536w, https:\/\/extinguishbraun.7szkola.pl\/wp-content\/uploads\/2025\/03\/BLG6AN37ZJKHZC6FBZDEZZTLHE-2048x1549.jpg 2048w\" sizes=\"auto, (max-width: 1024px) 100vw, 1024px\" \/><\/figure><\/div>\n\n\n\n<hr class=\"wp-block-separator has-alpha-channel-opacity\"\/>\n\n\n\n<h3 class=\"wp-block-heading has-text-align-center\"><strong>WA\u017bNE!<\/strong><\/h3>\n\n\n\n<p class=\"has-text-align-center\">Ga\u015bnice Extinguishbraun nadaj\u0105 si\u0119 tylko do <strong>gaszenia po\u017car\u00f3w i politycznych skandali<\/strong>. Nie nale\u017cy u\u017cywa\u0107 ich do:<br>&#x274c; Gaszenia \u015bwi\u0119tego ognia patriotyzmu.<br>&#x274c; Ochrony Unii Europejskiej.<br>&#x274c; Obronienia si\u0119 przed debat\u0105 merytoryczn\u0105.<\/p>\n","protected":false},"excerpt":{"rendered":"<p>Instrukcja obs\u0142ugi ga\u015bnicy wed\u0142ug Grzegorza Brauna \u201ePa\u0144stwo p\u0142onie! Ja gasz\u0119!\u201d \u2013 oto oficjalny poradnik obs\u0142ugi ga\u015bnicy od lidera w bran\u017cy przeciwpo\u017carowej, Grzegorza Brauna, za\u0142o\u017cyciela Extinguishbraun. Krok 1: Rozpoznanie zagro\u017cenia Najpierw musisz zdiagnozowa\u0107 sytuacj\u0119. Ogie\u0144 to nie jedyne niebezpiecze\u0144stwo \u2013 zagro\u017ceniem mo\u017ce by\u0107 r\u00f3wnie\u017c: &#8211;Totalitaryzm sanitarny \u2013 je\u015bli widzisz maseczk\u0119, przyjmij postaw\u0119 bojow\u0105. &#8211;Dziennikarz TVN \u2013<\/p>\n<div class=\"more-link\">\n\t\t\t\t <a href=\"https:\/\/extinguishbraun.7szkola.pl\/index.php\/instrukcje-obslugi\/\" class=\"link-btn\"><span>Czytaj dalej <\/span> <i class=\"icofont-thin-double-right\"><\/i><\/a>\n\t\t\t<\/div>\n","protected":false},"author":1,"featured_media":0,"parent":0,"menu_order":0,"comment_status":"closed","ping_status":"closed","template":"","meta":{"footnotes":""},"class_list":["post-97","page","type-page","status-publish","hentry"],"_links":{"self":[{"href":"https:\/\/extinguishbraun.7szkola.pl\/index.php\/wp-json\/wp\/v2\/pages\/97","targetHints":{"allow":["GET"]}}],"collection":[{"href":"https:\/\/extinguishbraun.7szkola.pl\/index.php\/wp-json\/wp\/v2\/pages"}],"about":[{"href":"https:\/\/extinguishbraun.7szkola.pl\/index.php\/wp-json\/wp\/v2\/types\/page"}],"author":[{"embeddable":true,"href":"https:\/\/extinguishbraun.7szkola.pl\/index.php\/wp-json\/wp\/v2\/users\/1"}],"replies":[{"embeddable":true,"href":"https:\/\/extinguishbraun.7szkola.pl\/index.php\/wp-json\/wp\/v2\/comments?post=97"}],"version-history":[{"count":16,"href":"https:\/\/extinguishbraun.7szkola.pl\/index.php\/wp-json\/wp\/v2\/pages\/97\/revisions"}],"predecessor-version":[{"id":308,"href":"https:\/\/extinguishbraun.7szkola.pl\/index.php\/wp-json\/wp\/v2\/pages\/97\/revisions\/308"}],"wp:attachment":[{"href":"https:\/\/extinguishbraun.7szkola.pl\/index.php\/wp-json\/wp\/v2\/media?parent=97"}],"curies":[{"name":"wp","href":"https:\/\/api.w.org\/{rel}","templated":true}]}}